{"id":16358,"date":"2020-06-11T22:13:28","date_gmt":"2020-06-11T20:13:28","guid":{"rendered":"https:\/\/dluxedivegear.de\/terms-and-conditions\/"},"modified":"2020-06-11T22:13:28","modified_gmt":"2020-06-11T20:13:28","slug":"terms-and-conditions","status":"publish","type":"page","link":"https:\/\/dluxedivegear.de\/en\/terms-and-conditions\/","title":{"rendered":"Terms and conditions"},"content":{"rendered":"<p><strong>ALLGEMEINE GESCH\u00c4FTSBEDINGUNGEN <\/strong><\/p>\n<p>1. Geltungsbereich<br \/>\n2. Vertragsschluss<br \/>\n3. Widerrufsrecht<br \/>\n4. Preise und Zahlungsbedingungen<br \/>\n5. Liefer-\u00a0 und Versandbedingungen<br \/>\n6. Gefahr\u00fcbergang \u2013 Versand\/Verpackung<br \/>\n7. Eigentumsvorbehalt<br \/>\n8. M\u00e4ngelhaftung<br \/>\n9. Anwendbares Recht<br \/>\n10. Erf\u00fcllungsort, Gerichtsstand<br \/>\n11. Salvatorische Klausel<br \/>\n12. Informationen zur Online-Streitbeilegung<\/p>\n<p><strong>1. Geltungsbereich<\/strong><br \/>\n1.1 Diese Allgemeinen Gesch\u00e4ftsbedingungen (nachfolgend &#8220;AGB&#8221;) von &#8220;Sven Dinser &#8221; (nachfolgend &#8220;Verk\u00e4ufer&#8221;), gelten f\u00fcr alle Vertr\u00e4ge, die ein Verbraucher oder Unternehmer (nachfolgend &#8220;Kunde&#8221;) mit dem Verk\u00e4ufer hinsichtlich der vom Verk\u00e4ufer in seinem Online-Shop dargestellten Waren abschlie\u00dft. Hiermit wird der Einbeziehung von eigenen Bedingungen des Kunden widersprochen, es sei denn, es ist etwas anderes vereinbart.<br \/>\n1.2 Verbraucher im Sinne dieser AGB ist jede nat\u00fcrliche Person, die ein Rechtsgesch\u00e4ft zu Zwecken abschlie\u00dft, die \u00fcberwiegend weder ihrer gewerblichen noch ihrer selbstst\u00e4ndigen beruflichen T\u00e4tigkeit zugerechnet werden k\u00f6nnen.<br \/>\n1.3 Unternehmer im Sinne dieser AGB ist eine nat\u00fcrliche oder juristische Person oder eine rechtsf\u00e4hige Personengesellschaft, die bei Abschluss eines Rechtsgesch\u00e4fts in Aus\u00fcbung ihrer gewerblichen oder selbst\u00e4ndigen beruflichen T\u00e4tigkeit handelt.<\/p>\n<p><strong>2. Vertragsschluss<\/strong><br \/>\n2.1 Die im Online-Shop des Verk\u00e4ufers enthaltenen Produktdarstellungen stellen keine verbindlichen Angebote seitens des Verk\u00e4ufers dar, sondern dienen zur Abgabe eines verbindlichen Angebots durch den Kunden.<br \/>\n2.2 Der Kunde kann das Angebot \u00fcber das in den Online-Shop des Verk\u00e4ufers integrierte Online-Bestellformular abgeben. Dabei gibt der Kunde, nachdem er die ausgew\u00e4hlten Waren in den virtuellen Warenkorb gelegt und den elektronischen Bestellprozess durchlaufen hat, durch Klicken des den Bestellvorgang abschlie\u00dfenden Buttons ein rechtlich verbindliches Vertragsangebot in Bezug auf die im Warenkorb enthaltenen Waren ab. Ferner kann der Kunde das Angebot auch telefonisch, per Fax, per E-Mail oder postalisch gegen\u00fcber dem Verk\u00e4ufer abgeben.<br \/>\n2.3 Der Verk\u00e4ufer kann das Angebot des Kunden innerhalb von f\u00fcnf Tagen annehmen, &#8211; indem er dem Kunden eine schriftliche Auftragsbest\u00e4tigung oder eine Auftragsbest\u00e4tigung in Textform (Fax oder E-Mail) \u00fcbermittelt, wobei insoweit der Zugang der Auftragsbest\u00e4tigung beim Kunden ma\u00dfgeblich ist, oder \u00a0 &#8211; indem er dem Kunden die bestellte Ware liefert, wobei insoweit der Zugang der Ware beim Kunden ma\u00dfgeblich ist, oder \u00a0 &#8211; indem er den Kunden nach Abgabe von dessen Bestellung zur Zahlung auffordert. Liegen mehrere der vorgenannten Alternativen vor, kommt der Vertrag in dem Zeitpunkt zustande, in dem eine der vorgenannten Alternativen zuerst eintritt. Die Frist zur Annahme des Angebots beginnt am Tag nach der Absendung des Angebots durch den Kunden zu laufen und endet mit dem Ablauf des f\u00fcnften Tages, welcher auf die Absendung des Angebots folgt. Nimmt der Verk\u00e4ufer das Angebot des Kunden innerhalb vorgenannter Frist nicht an, so gilt dies als Ablehnung des Angebots mit der Folge, dass der Kunde nicht mehr an seine Willenserkl\u00e4rung gebunden ist.<br \/>\n2.4 Bei der Abgabe eines Angebots \u00fcber das Online-Bestellformular des Verk\u00e4ufers wird der Vertragstext vom Verk\u00e4ufer gespeichert und dem Kunden nach Absendung seiner Bestellung nebst den vorliegenden AGB in Textform (z. B. E-Mail, Fax oder Brief) zugeschickt. Zus\u00e4tzlich wird der Vertragstext auf der Internetseite des Verk\u00e4ufers archiviert und kann vom Kunden \u00fcber sein passwortgesch\u00fctztes Kundenkonto unter Angabe der entsprechenden Login-Daten kostenlos abgerufen werden, sofern der Kunde vor Absendung seiner Bestellung ein Kundenkonto im Online-Shop des Verk\u00e4ufers angelegt hat.<br \/>\n2.5 Vor verbindlicher Abgabe der Bestellung \u00fcber das Online-Bestellformular des Verk\u00e4ufers kann der Kunde m\u00f6gliche Eingabefehler durch aufmerksames Lesen der auf dem Bildschirm dargestellten Informationen erkennen. Ein wirksames technisches Mittel zur besseren Erkennung von Eingabefehlern kann dabei die Vergr\u00f6\u00dferungsfunktion des Browsers sein, mit deren Hilfe die Darstellung auf dem Bildschirm vergr\u00f6\u00dfert wird. Seine Eingaben kann der Kunde vor verbindlicher Abgabe der Bestellung im Rahmen des elektronischen Bestellprozesses laufend \u00fcber die \u00fcblichen Tastatur- und Mausfunktionen korrigieren. Dar\u00fcber hinaus werden alle Eingaben vor verbindlicher Abgabe der Bestellung noch einmal in einem Best\u00e4tigungsfenster angezeigt und k\u00f6nnen auch dort mittels der \u00fcblichen Tastatur- und Mausfunktionen korrigiert werden.<br \/>\n2.6 F\u00fcr den Vertragsschluss steht ausschlie\u00dflich die deutsche Sprache zur Verf\u00fcgung.<br \/>\n2.7 Die Bestellabwicklung und Kontaktaufnahme finden in der Regel per E-Mail und automatisierter Bestellabwicklung statt. Der Kunde hat sicherzustellen, dass die von ihm zur Bestellabwicklung angegebene E-Mail-Adresse zutreffend ist, so dass unter dieser Adresse die vom Verk\u00e4ufer versandten E-Mails empfangen werden k\u00f6nnen. Insbesondere hat der Kunde bei dem Einsatz von SPAM-Filtern sicherzustellen, dass alle vom Verk\u00e4ufer oder von diesem mit der Bestellabwicklung beauftragten Dritten versandten Mails zugestellt werden k\u00f6nnen.<\/p>\n<p><strong>3. Widerrufsrecht<\/strong><br \/>\n3.1 Verbrauchern steht grunds\u00e4tzlich ein Widerrufsrecht zu.<br \/>\n3.2 N\u00e4here Informationen zum Widerrufsrecht ergeben sich aus der Widerrufsbelehrung des Verk\u00e4ufers.<br \/>\n3.3 Auf Kundenwunsch angefertigte Produkte (z.B. Sondergr\u00f6\u00dfen, Personalisierung) sind vom Widerruf ausgeschlossen.<\/p>\n<p><strong>4. Preise und Zahlungsbedingungen<\/strong><br \/>\n4.1 Sofern sich aus der Produktbeschreibung des Verk\u00e4ufers nichts anderes ergibt, handelt es sich bei den angegebenen Preisen um Gesamtpreise, die die gesetzliche Umsatzsteuer enthalten. Gegebenenfalls zus\u00e4tzlich anfallende Liefer- und Versandkosten werden in der jeweiligen Produktbeschreibung gesondert angegeben.<br \/>\n4.2 Bei Lieferungen in L\u00e4nder au\u00dferhalb der Europ\u00e4ischen Union k\u00f6nnen im Einzelfall weitere Kosten anfallen, die der Verk\u00e4ufer nicht zu vertreten hat und die vom Kunden zu tragen sind. Hierzu z\u00e4hlen beispielsweise Kosten f\u00fcr die Geld\u00fcbermittlung durch Kreditinstitute (z.B. \u00dcberweisungsgeb\u00fchren, Wechselkursgeb\u00fchren) oder einfuhrrechtliche Abgaben bzw. Steuern (z.B. Z\u00f6lle). Solche Kosten k\u00f6nnen in Bezug auf die Geld\u00fcbermittlung auch dann anfallen, wenn die Lieferung nicht in ein Land au\u00dferhalb der Europ\u00e4ischen Union erfolgt, der Kunde die Zahlung aber von einem Land au\u00dferhalb der Europ\u00e4ischen Union aus vornimmt.<br \/>\n4.3 Dem Kunden stehen verschiedene Zahlungsm\u00f6glichkeiten zur Verf\u00fcgung, die im Online-Shop des Verk\u00e4ufers angegeben werden.<br \/>\n4.4 Ist Vorauskasse per Bank\u00fcberweisung vereinbart, ist die Zahlung sofort nach Vertragsabschluss f\u00e4llig, sofern die Parteien nichts anderes vereinbart haben.<br \/>\n4.5 Bei Auswahl der Zahlungsart &#8220;PayPal&#8221; erfolgt die Zahlungsabwicklung \u00fcber den Zahlungsdienstleister PayPal (Europe) S.\u00e0 r.l. et Cie, S.C.A., 22-24 Boulevard Royal, L-2449 Luxembourg, unter Geltung der PayPal-Nutzungsbedingungen, einsehbar unter https:\/\/www.paypal.com\/de\/webapps\/mpp\/ua\/useragreement-full. Dies setzt u. a. voraus, dass der Kunde ein PayPal-Konto er\u00f6ffnet bzw. bereits \u00fcber ein solches Konto verf\u00fcgt.<\/p>\n<p><strong>5. Liefer-\u00a0 und Versandbedingungen<\/strong><br \/>\n5.1 Die Lieferung von Waren erfolgt regelm\u00e4\u00dfig auf dem Versandwege und an die vom Kunden angegebene Lieferanschrift. Bei der Abwicklung der Transaktion, ist die in der Kaufabwicklung des Verk\u00e4ufers angegebene Lieferanschrift ma\u00dfgeblich. Abweichend hiervon ist bei Auswahl der Zahlungsart PayPal die vom Kunden zum Zeitpunkt der Bezahlung bei PayPal hinterlegte Lieferanschrift ma\u00dfgeblich.<br \/>\n5.2 Sendet das Transportunternehmen die versandte Ware an den Verk\u00e4ufer zur\u00fcck, da eine Zustellung beim Kunden nicht m\u00f6glich war, tr\u00e4gt der Kunde die Kosten f\u00fcr den erfolglosen Versand. Dies gilt nicht, wenn er den Umstand, der zur Unm\u00f6glichkeit der Zustellung gef\u00fchrt hat, nicht zu vertreten hat oder wenn er vor\u00fcbergehend an der Annahme der angebotenen Leistung verhindert war, es sei denn, dass der Verk\u00e4ufer ihm die Leistung eine angemessene Zeit vorher angek\u00fcndigt hatte.<br \/>\n5.3 Bei Selbstabholung informiert der Verk\u00e4ufer den Kunden zun\u00e4chst per E-Mail dar\u00fcber, dass die von ihm bestellte Ware zur Abholung bereit steht. Nach Erhalt dieser E-Mail kann der Kunde die Ware nach Absprache mit dem Verk\u00e4ufer am Sitz des Verk\u00e4ufers abholen. In diesem Fall werden keine Versandkosten berechnet.<\/p>\n<p><strong>6. Gefahr\u00fcbergang \u2013 Versand\/Verpackung<br \/>\n<\/strong>6.1 Etwaige Kosten f\u00fcr Verpackung, Versand und etwaige Versicherung sowie die Kostentragung werden mit dem Kunden gesondert er\u00f6rtert und hierzu eine gesonderte Vereinbarung getroffen.<br \/>\n6.2 Die Gefahr der Lieferung geht mit Ablieferung bei dem Kunden auf diesen \u00fcber, sofern kein Annahmeverzug vorliegt; f\u00fcr diesen Fall gelten die gesetzlichen Bestimmungen.<br \/>\n6.3 Die Art der Verpackung unterliegt der Entscheidung durch D\u00b0LUXE Dive Gear. Wird eine Spezialverpackung gew\u00fcnscht, wird diese zum Selbstkostenpreis in Rechnung gestellt werden.<br \/>\n6.4 Alle unsere Verpackungen sind nach VerpackV lizensiert und k\u00f6nnen dem dualen System zugef\u00fchrt werden.<br \/>\n6.5 Wird der Versand auf Wunsch oder aus Verschulden des Kunden verz\u00f6gert, so lagert D\u00b0LUXE Dive Gear die Waren auf Kosten und Gefahr des Kunden. In diesem Fall steht die Anzeige der Versandbereitschaft dem Versand gleich.<\/p>\n<p><strong>7. Eigentumsvorbehalt<\/strong><br \/>\nTritt der Verk\u00e4ufer in Vorleistung, beh\u00e4lt er sich bis zur vollst\u00e4ndigen Bezahlung des geschuldeten Kaufpreises das Eigentum an der gelieferten Ware vor.<\/p>\n<p><strong>8. M\u00e4ngelhaftung<br \/>\n<\/strong>8.1 Ist die Kaufsache mangelhaft, gelten die Vorschriften der gesetzlichen M\u00e4ngelhaftung.<br \/>\n8.2 Offensichtliche M\u00e4ngel sind sp\u00e4testens binnen zwei Wochen nach Empfang der Lieferung schriftlich anzuzeigen, wobei zur Fristwahrung die rechtzeitige Absendung gen\u00fcgt; anderenfalls sind hierf\u00fcr alle M\u00e4ngelanspr\u00fcche ausgeschlossen. Im kaufm\u00e4nnischen Verkehr gilt vorrangig \u00a7 377 HGB.<br \/>\n8.3 Keine Gew\u00e4hr \u00fcbernehmen wir f\u00fcr M\u00e4ngel und Sch\u00e4den, die aus ungeeigneter oder unsachgem\u00e4\u00dfer Verwendung, Nichtbeachtung von Anwendungshinweisen oder fehlerhafter oder nachl\u00e4ssiger Behandlung entstanden sind.<br \/>\n8.4 Die Gew\u00e4hrleistung erlischt, wenn Sie Eingriffe und\/oder Reparaturen an\u00a0Produkten vornehmen oder durch Personen vornehmen lassen, die nicht von uns autorisiert wurden, sofern der aufgetretene Mangel darauf beruht.<br \/>\n8.5 Durch einen Austausch im Rahmen der Gew\u00e4hrleistung\/Garantie treten keine neuen Gew\u00e4hrleistungs-\/Garantiefristen in Kraft; \u00a7 203 BGB bleibt unber\u00fchrt.<br \/>\n8.6 Mit Ausnahme der Haftung f\u00fcr eine Verletzung von Leben, K\u00f6rper und Gesundheit sind weitergehende Anspr\u00fcche des K\u00e4ufers &#8211; gleich aus welchem Rechtsgrund &#8211; ausgeschlossen, soweit nicht ausdr\u00fccklich etwas anderes vereinbart wurde. Wir haften deshalb nicht f\u00fcr Sch\u00e4den, die nicht am Liefergegenstand unmittelbar entstanden sind; insbesondere haften wir nicht f\u00fcr entgangenen Gewinn oder sonstige Verm\u00f6genssch\u00e4den des K\u00e4ufers. Vorstehende Haftungsbefreiung gilt nicht, sofern der Schaden auf Vorsatz, grober Fahrl\u00e4ssigkeit oder Fehlen einer zugesicherten Eigenschaft, Verletzung vertragswesentlicher Pflichten, Leistungsverzug, Unm\u00f6glichkeit, sowie Anspr\u00fcchen nach \u00a7 1.4 des Produkthaftungsgesetzes beruht. F\u00fcr die Wiederherstellung von Daten haften wir nicht, es sei denn, dass wir den Verlust vors\u00e4tzlich oder grob fahrl\u00e4ssig verursacht haben und der K\u00e4ufer sichergestellt hat, dass eine Datensicherung erfolgt ist, so dass die Daten mit vertretbarem Aufwand rekonstruiert werden k\u00f6nnen.<\/p>\n<p><strong>9. Anwendbares Recht<\/strong><br \/>\n9.1 F\u00fcr s\u00e4mtliche Rechtsbeziehungen der Parteien gilt das Recht der Bundesrepublik Deutschland unter Ausschluss der Gesetze \u00fcber den internationalen Kauf beweglicher Waren. Bei Verbrauchern gilt diese Rechtswahl nur insoweit, als nicht der gew\u00e4hrte Schutz durch zwingende Bestimmungen des Rechts des Staates, in dem der Verbraucher seinen gew\u00f6hnlichen Aufenthalt hat, entzogen wird.<\/p>\n<p><strong>10. Erf\u00fcllungsort, Gerichtsstand<br \/>\n<\/strong>10.1 Erf\u00fcllungsort ist der Sitz von D\u00b0LUXE Dive Gear, 88512 Mengen. Der Gerichtsstand 88348 Bad Saulgau.<br \/>\n10.2 Der gleiche Gerichtsstand gilt, wenn der K\u00e4ufer keinen allgemeinen Gerichtsstand im Inland hat, nach Vertragsabschluss seinen Wohnsitz oder gew\u00f6hnlichen Aufenthaltsort aus dem Inland verlegt oder sein Wohnsitz oder gew\u00f6hnlicher Aufenthaltsort zum Zeitpunkt der Klageerhebung nicht bekannt ist.<\/p>\n<p><strong>11. Salvatorische Klausel<br \/>\n<\/strong>Sollte eine Bestimmung dieser Vereinbarung ganz oder teilweise unwirksam sein oder ihre Rechtswirksamkeit sp\u00e4ter verlieren, so soll hierdurch die G\u00fcltigkeit der \u00fcbrigen Bestimmungen nicht ber\u00fchrt werden. Anstelle der unwirksamen Bestimmung soll im Wege der Vertragsanpassung eine andere angemessene Regelung gelten, die wirtschaftlich dem am n\u00e4chsten kommt, was die Vertragsparteien gewollt h\u00e4tten, wenn ihnen die Unwirksamkeit der Regelung bekannt gewesen w\u00e4re.<\/p>\n<p><strong>12. Informationen zur Online-Streitbeilegung<\/strong><br \/>\nDie EU-Kommission stellt im Internet unter folgendem Link eine Plattform zur Online-Streitbeilegung bereit: <a href=\"http:\/\/ec.europa.eu\/consumers\/odr\">http:\/\/ec.europa.eu\/consumers\/odr<\/a> Diese Plattform dient als Anlaufstelle zur au\u00dfergerichtlichen Beilegung von Streitigkeiten aus Online-Kauf- oder Dienstleistungsvertr\u00e4gen, an denen ein Verbraucher beteiligt ist. Wir sind zur Teilnahme an einem Streitbeilegungsverfahren vor einer Verbraucherschlichtungsstelle weder verpflichtet noch bereit.<\/p>\n<p>&nbsp;<\/p>\n<p>Mengen, den 10.01.2017<br \/>\n[gzd_complaints]<\/p>\n","protected":false},"excerpt":{"rendered":"<p>ALLGEMEINE GESCH\u00c4FTSBEDINGUNGEN 1. Geltungsbereich 2. Vertragsschluss 3. Widerrufsrecht 4. Preise und Zahlungsbedingungen 5. Liefer-\u00a0 und Versandbedingungen 6. Gefahr\u00fcbergang \u2013 Versand\/Verpackung 7. Eigentumsvorbehalt 8. M\u00e4ngelhaftung 9. Anwendbares Recht 10. Erf\u00fcllungsort, Gerichtsstand 11. Salvatorische Klausel 12. Informationen zur Online-Streitbeilegung 1. Geltungsbereich 1.1 Diese Allgemeinen Gesch\u00e4ftsbedingungen (nachfolgend &#8220;AGB&#8221;) von &#8220;Sven Dinser &#8221; (nachfolgend &#8220;Verk\u00e4ufer&#8221;), gelten f\u00fcr alle Vertr\u00e4ge, [&hellip;]<\/p>\n","protected":false},"author":2,"featured_media":0,"parent":0,"menu_order":0,"comment_status":"closed","ping_status":"closed","template":"","meta":{"site-sidebar-layout":"default","site-content-layout":"","ast-site-content-layout":"default","site-content-style":"default","site-sidebar-style":"default","ast-global-header-display":"","ast-banner-title-visibility":"","ast-main-header-display":"","ast-hfb-above-header-display":"","ast-hfb-below-header-display":"","ast-hfb-mobile-header-display":"","site-post-title":"","ast-breadcrumbs-content":"","ast-featured-img":"","footer-sml-layout":"","ast-disable-related-posts":"","theme-transparent-header-meta":"","adv-header-id-meta":"","stick-header-meta":"","header-above-stick-meta":"","header-main-stick-meta":"","header-below-stick-meta":"","astra-migrate-meta-layouts":"default","ast-page-background-enabled":"default","ast-page-background-meta":{"desktop":{"background-color":"","background-image":"","background-repeat":"repeat","background-position":"center center","background-size":"auto","background-attachment":"scroll","background-type":"","background-media":"","overlay-type":"","overlay-color":"","overlay-opacity":"","overlay-gradient":""},"tablet":{"background-color":"","background-image":"","background-repeat":"repeat","background-position":"center center","background-size":"auto","background-attachment":"scroll","background-type":"","background-media":"","overlay-type":"","overlay-color":"","overlay-opacity":"","overlay-gradient":""},"mobile":{"background-color":"","background-image":"","background-repeat":"repeat","background-position":"center center","background-size":"auto","background-attachment":"scroll","background-type":"","background-media":"","overlay-type":"","overlay-color":"","overlay-opacity":"","overlay-gradient":""}},"ast-content-background-meta":{"desktop":{"background-color":"var(--ast-global-color-5)","background-image":"","background-repeat":"repeat","background-position":"center center","background-size":"auto","background-attachment":"scroll","background-type":"","background-media":"","overlay-type":"","overlay-color":"","overlay-opacity":"","overlay-gradient":""},"tablet":{"background-color":"var(--ast-global-color-5)","background-image":"","background-repeat":"repeat","background-position":"center center","background-size":"auto","background-attachment":"scroll","background-type":"","background-media":"","overlay-type":"","overlay-color":"","overlay-opacity":"","overlay-gradient":""},"mobile":{"background-color":"var(--ast-global-color-5)","background-image":"","background-repeat":"repeat","background-position":"center center","background-size":"auto","background-attachment":"scroll","background-type":"","background-media":"","overlay-type":"","overlay-color":"","overlay-opacity":"","overlay-gradient":""}},"footnotes":""},"class_list":["post-16358","page","type-page","status-publish","hentry"],"jetpack_sharing_enabled":true,"_links":{"self":[{"href":"https:\/\/dluxedivegear.de\/en\/wp-json\/wp\/v2\/pages\/16358","targetHints":{"allow":["GET"]}}],"collection":[{"href":"https:\/\/dluxedivegear.de\/en\/wp-json\/wp\/v2\/pages"}],"about":[{"href":"https:\/\/dluxedivegear.de\/en\/wp-json\/wp\/v2\/types\/page"}],"author":[{"embeddable":true,"href":"https:\/\/dluxedivegear.de\/en\/wp-json\/wp\/v2\/users\/2"}],"replies":[{"embeddable":true,"href":"https:\/\/dluxedivegear.de\/en\/wp-json\/wp\/v2\/comments?post=16358"}],"version-history":[{"count":0,"href":"https:\/\/dluxedivegear.de\/en\/wp-json\/wp\/v2\/pages\/16358\/revisions"}],"wp:attachment":[{"href":"https:\/\/dluxedivegear.de\/en\/wp-json\/wp\/v2\/media?parent=16358"}],"curies":[{"name":"wp","href":"https:\/\/api.w.org\/{rel}","templated":true}]}}